{"id":28,"date":"2023-04-24T14:07:56","date_gmt":"2023-04-24T14:07:56","guid":{"rendered":"https:\/\/feboindustria.com.ar\/?page_id=28"},"modified":"2024-01-04T15:18:55","modified_gmt":"2024-01-04T15:18:55","slug":"tanques-cisternas-moviles","status":"publish","type":"page","link":"https:\/\/feboindustria.com.ar\/index.php\/tanques-cisternas-moviles\/","title":{"rendered":"TANQUES CISTERNAS M\u00d3VILES"},"content":{"rendered":"\t\t<div data-elementor-type=\"wp-page\" data-elementor-id=\"28\" class=\"elementor elementor-28\">\n\t\t\t\t\t\t<section class=\"elementor-section elementor-top-section elementor-element elementor-element-fb43338 elementor-section-boxed elementor-section-height-default elementor-section-height-default\" data-id=\"fb43338\" data-element_type=\"section\">\n\t\t\t\t\t\t<div class=\"elementor-container elementor-column-gap-default\">\n\t\t\t\t\t<div class=\"elementor-column elementor-col-100 elementor-top-column elementor-element elementor-element-107339e\" data-id=\"107339e\" data-element_type=\"column\">\n\t\t\t<div class=\"elementor-widget-wrap elementor-element-populated\">\n\t\t\t\t\t\t<div class=\"elementor-element elementor-element-1d1f354 elementor-widget elementor-widget-heading\" data-id=\"1d1f354\" data-element_type=\"widget\" data-widget_type=\"heading.default\">\n\t\t\t\t<div class=\"elementor-widget-container\">\n\t\t\t<style>\/*! elementor - v3.21.0 - 08-05-2024 *\/\n.elementor-heading-title{padding:0;margin:0;line-height:1}.elementor-widget-heading .elementor-heading-title[class*=elementor-size-]>a{color:inherit;font-size:inherit;line-height:inherit}.elementor-widget-heading .elementor-heading-title.elementor-size-small{font-size:15px}.elementor-widget-heading .elementor-heading-title.elementor-size-medium{font-size:19px}.elementor-widget-heading .elementor-heading-title.elementor-size-large{font-size:29px}.elementor-widget-heading .elementor-heading-title.elementor-size-xl{font-size:39px}.elementor-widget-heading .elementor-heading-title.elementor-size-xxl{font-size:59px}<\/style><h2 class=\"elementor-heading-title elementor-size-default\">TANQUES CISTERNAS M\u00d3VILES<\/h2>\t\t<\/div>\n\t\t\t\t<\/div>\n\t\t\t\t\t<\/div>\n\t\t<\/div>\n\t\t\t\t\t<\/div>\n\t\t<\/section>\n\t\t\t\t<section class=\"elementor-section elementor-top-section elementor-element elementor-element-511a906 elementor-section-boxed elementor-section-height-default elementor-section-height-default\" data-id=\"511a906\" data-element_type=\"section\">\n\t\t\t\t\t\t<div class=\"elementor-container elementor-column-gap-default\">\n\t\t\t\t\t<div class=\"elementor-column elementor-col-100 elementor-top-column elementor-element elementor-element-34fd3e2\" data-id=\"34fd3e2\" data-element_type=\"column\">\n\t\t\t<div class=\"elementor-widget-wrap elementor-element-populated\">\n\t\t\t\t\t\t<div class=\"elementor-element elementor-element-d53dd43 elementor-widget elementor-widget-text-editor\" data-id=\"d53dd43\" data-element_type=\"widget\" data-widget_type=\"text-editor.default\">\n\t\t\t\t<div class=\"elementor-widget-container\">\n\t\t\t<style>\/*! elementor - v3.21.0 - 08-05-2024 *\/\n.elementor-widget-text-editor.elementor-drop-cap-view-stacked .elementor-drop-cap{background-color:#69727d;color:#fff}.elementor-widget-text-editor.elementor-drop-cap-view-framed .elementor-drop-cap{color:#69727d;border:3px solid;background-color:transparent}.elementor-widget-text-editor:not(.elementor-drop-cap-view-default) .elementor-drop-cap{margin-top:8px}.elementor-widget-text-editor:not(.elementor-drop-cap-view-default) .elementor-drop-cap-letter{width:1em;height:1em}.elementor-widget-text-editor .elementor-drop-cap{float:left;text-align:center;line-height:1;font-size:50px}.elementor-widget-text-editor .elementor-drop-cap-letter{display:inline-block}<\/style>\t\t\t\t<p>Tanques cisternas sobre acoplados m\u00f3viles para transporte de l\u00edquidos,\u00a0combustibles o riego.<\/p><ul><li>Formato chato.<\/li><li>Construido en chapa de acero al carbono de\u00a01\/8 de espesor.\u00a0<\/li><li>Soldado interior con electrodo de alta penetraci\u00f3n para asegurar estanqueidad en las juntas soldadas.<\/li><li>Boca pasa hombre o de inspecci\u00f3n.<\/li><li>Cuplas de carga y\u00a0descarga.<\/li><li>Rompeolas.<\/li><li>Soldado\u00a0a dos palomas en forma de\u00a0 &#8220;V&#8221;.<\/li><li>Chasis construido en hierro UPN de 80mm desmontable al tanque, con\u00a0ejes de acero SAE de 2&#8243;,\u00a0reforzado, manotas de chapa estampada, el\u00e1stico de planchuela de acero 50x7x8 rodado 650 x 16 o 15\u00a0 aro giratorio a bolilla.\u00a0<\/li><li>Pasillos laterales con\u00a0pasa manos.<\/li><li>Descarga a tierra, para golpe y lanza para acople de utilitario.\u00a0<\/li><li>Se entrega pintado con esmalte sint\u00e9tico.<\/li><li>\u00a0<\/li><\/ul><p><strong>ADICIONAL SISTEMA DE RIEGO<\/strong><\/p><p>Barra de riego de 2 \u00bd &#8221;\u00a0y llave esf\u00e9rica para accionar el sistema de riego por gravedad en 2 \u00bd &#8221;.<\/p>\t\t\t\t\t\t<\/div>\n\t\t\t\t<\/div>\n\t\t\t\t\t<\/div>\n\t\t<\/div>\n\t\t\t\t\t<\/div>\n\t\t<\/section>\n\t\t\t\t<\/div>\n\t\t","protected":false},"excerpt":{"rendered":"<p>TANQUES CISTERNAS M\u00d3VILES Tanques cisternas sobre acoplados m\u00f3viles para transporte de l\u00edquidos,\u00a0combustibles o riego. Formato chato. Construido en chapa de acero al carbono de\u00a01\/8 de espesor.\u00a0 Soldado interior con electrodo de alta penetraci\u00f3n para asegurar estanqueidad en las juntas soldadas. Boca pasa hombre o de inspecci\u00f3n. Cuplas de carga y\u00a0descarga. Rompeolas. Soldado\u00a0a dos palomas en [&hellip;]<\/p>\n","protected":false},"author":1,"featured_media":0,"parent":0,"menu_order":0,"comment_status":"closed","ping_status":"closed","template":"","meta":{"_monsterinsights_skip_tracking":false,"_monsterinsights_sitenote_active":false,"_monsterinsights_sitenote_note":"","_monsterinsights_sitenote_category":0,"_uf_show_specific_survey":0,"_uf_disable_surveys":false},"aioseo_notices":[],"_links":{"self":[{"href":"https:\/\/feboindustria.com.ar\/index.php\/wp-json\/wp\/v2\/pages\/28"}],"collection":[{"href":"https:\/\/feboindustria.com.ar\/index.php\/wp-json\/wp\/v2\/pages"}],"about":[{"href":"https:\/\/feboindustria.com.ar\/index.php\/wp-json\/wp\/v2\/types\/page"}],"author":[{"embeddable":true,"href":"https:\/\/feboindustria.com.ar\/index.php\/wp-json\/wp\/v2\/users\/1"}],"replies":[{"embeddable":true,"href":"https:\/\/feboindustria.com.ar\/index.php\/wp-json\/wp\/v2\/comments?post=28"}],"version-history":[{"count":31,"href":"https:\/\/feboindustria.com.ar\/index.php\/wp-json\/wp\/v2\/pages\/28\/revisions"}],"predecessor-version":[{"id":348,"href":"https:\/\/feboindustria.com.ar\/index.php\/wp-json\/wp\/v2\/pages\/28\/revisions\/348"}],"wp:attachment":[{"href":"https:\/\/feboindustria.com.ar\/index.php\/wp-json\/wp\/v2\/media?parent=28"}],"curies":[{"name":"wp","href":"https:\/\/api.w.org\/{rel}","templated":true}]}}