{"id":26,"date":"2023-04-24T14:07:36","date_gmt":"2023-04-24T14:07:36","guid":{"rendered":"https:\/\/feboindustria.com.ar\/?page_id=26"},"modified":"2024-01-05T13:52:30","modified_gmt":"2024-01-05T13:52:30","slug":"tanques-verticales-para-biodiesel","status":"publish","type":"page","link":"https:\/\/feboindustria.com.ar\/index.php\/tanques-verticales-para-biodiesel\/","title":{"rendered":"TANQUES VERTICALES PARA BIODIESEL"},"content":{"rendered":"\t\t<div data-elementor-type=\"wp-page\" data-elementor-id=\"26\" class=\"elementor elementor-26\">\n\t\t\t\t\t\t<section class=\"elementor-section elementor-top-section elementor-element elementor-element-9fc773b elementor-section-boxed elementor-section-height-default elementor-section-height-default\" data-id=\"9fc773b\" data-element_type=\"section\">\n\t\t\t\t\t\t<div class=\"elementor-container elementor-column-gap-default\">\n\t\t\t\t\t<div class=\"elementor-column elementor-col-100 elementor-top-column elementor-element elementor-element-c718389\" data-id=\"c718389\" data-element_type=\"column\">\n\t\t\t<div class=\"elementor-widget-wrap elementor-element-populated\">\n\t\t\t\t\t\t<div class=\"elementor-element elementor-element-ed1dc6f elementor-widget elementor-widget-heading\" data-id=\"ed1dc6f\" data-element_type=\"widget\" data-widget_type=\"heading.default\">\n\t\t\t\t<div class=\"elementor-widget-container\">\n\t\t\t<style>\/*! elementor - v3.21.0 - 08-05-2024 *\/\n.elementor-heading-title{padding:0;margin:0;line-height:1}.elementor-widget-heading .elementor-heading-title[class*=elementor-size-]>a{color:inherit;font-size:inherit;line-height:inherit}.elementor-widget-heading .elementor-heading-title.elementor-size-small{font-size:15px}.elementor-widget-heading .elementor-heading-title.elementor-size-medium{font-size:19px}.elementor-widget-heading .elementor-heading-title.elementor-size-large{font-size:29px}.elementor-widget-heading .elementor-heading-title.elementor-size-xl{font-size:39px}.elementor-widget-heading .elementor-heading-title.elementor-size-xxl{font-size:59px}<\/style><h2 class=\"elementor-heading-title elementor-size-default\">TANQUES VERTICALES PARA BIODIESEL<\/h2>\t\t<\/div>\n\t\t\t\t<\/div>\n\t\t\t\t\t<\/div>\n\t\t<\/div>\n\t\t\t\t\t<\/div>\n\t\t<\/section>\n\t\t\t\t<section class=\"elementor-section elementor-top-section elementor-element elementor-element-2dc6939 elementor-section-boxed elementor-section-height-default elementor-section-height-default\" data-id=\"2dc6939\" data-element_type=\"section\">\n\t\t\t\t\t\t<div class=\"elementor-container elementor-column-gap-default\">\n\t\t\t\t\t<div class=\"elementor-column elementor-col-100 elementor-top-column elementor-element elementor-element-668474d\" data-id=\"668474d\" data-element_type=\"column\">\n\t\t\t<div class=\"elementor-widget-wrap elementor-element-populated\">\n\t\t\t\t\t\t<div class=\"elementor-element elementor-element-ff17885 elementor-widget elementor-widget-text-editor\" data-id=\"ff17885\" data-element_type=\"widget\" data-widget_type=\"text-editor.default\">\n\t\t\t\t<div class=\"elementor-widget-container\">\n\t\t\t<style>\/*! elementor - v3.21.0 - 08-05-2024 *\/\n.elementor-widget-text-editor.elementor-drop-cap-view-stacked .elementor-drop-cap{background-color:#69727d;color:#fff}.elementor-widget-text-editor.elementor-drop-cap-view-framed .elementor-drop-cap{color:#69727d;border:3px solid;background-color:transparent}.elementor-widget-text-editor:not(.elementor-drop-cap-view-default) .elementor-drop-cap{margin-top:8px}.elementor-widget-text-editor:not(.elementor-drop-cap-view-default) .elementor-drop-cap-letter{width:1em;height:1em}.elementor-widget-text-editor .elementor-drop-cap{float:left;text-align:center;line-height:1;font-size:50px}.elementor-widget-text-editor .elementor-drop-cap-letter{display:inline-block}<\/style>\t\t\t\t<p><strong>CARACTER\u00cdSTICAS Y DETALLES T\u00c9CNICOS<\/strong><\/p><ul><li>Formato cil\u00edndrico, con cabezales planos, c\u00f3nicos o toriesfericos.<\/li><li>Fabricados en chapa de acero al carbono de calidad comercial y de espesores acorde a la capacidad.\u00a0<\/li><li>Doble cord\u00f3n de soldadura interna y externa con electrodos de alta penetraci\u00f3n para asegurar las juntas soldadas.<\/li><li>Cuenta con\u00a0c\u00e1ncamos de anclaje\u00a0de apoyo individuales.<\/li><li>Fajas de seguridad.<\/li><li>Boca pasa hombre o de inspecci\u00f3n.<\/li><li>Cuplas de carga y descarga m\u00e1s cupla para venteo de gases.<\/li><li>Escalera de acceso exterior con guarda y medidor de caudal con llave de paso.<\/li><li>Fosfatizado completo del mismo, doble mano\u00a0de convertidor de \u00f3xido y doble mano\u00a0de esmalte sint\u00e9tico blanco.<\/li><\/ul>\t\t\t\t\t\t<\/div>\n\t\t\t\t<\/div>\n\t\t\t\t\t<\/div>\n\t\t<\/div>\n\t\t\t\t\t<\/div>\n\t\t<\/section>\n\t\t\t\t<\/div>\n\t\t","protected":false},"excerpt":{"rendered":"<p>TANQUES VERTICALES PARA BIODIESEL CARACTER\u00cdSTICAS Y DETALLES T\u00c9CNICOS Formato cil\u00edndrico, con cabezales planos, c\u00f3nicos o toriesfericos. Fabricados en chapa de acero al carbono de calidad comercial y de espesores acorde a la capacidad.\u00a0 Doble cord\u00f3n de soldadura interna y externa con electrodos de alta penetraci\u00f3n para asegurar las juntas soldadas. Cuenta con\u00a0c\u00e1ncamos de anclaje\u00a0de apoyo [&hellip;]<\/p>\n","protected":false},"author":1,"featured_media":0,"parent":0,"menu_order":0,"comment_status":"closed","ping_status":"closed","template":"","meta":{"_monsterinsights_skip_tracking":false,"_monsterinsights_sitenote_active":false,"_monsterinsights_sitenote_note":"","_monsterinsights_sitenote_category":0,"_uf_show_specific_survey":0,"_uf_disable_surveys":false},"aioseo_notices":[],"_links":{"self":[{"href":"https:\/\/feboindustria.com.ar\/index.php\/wp-json\/wp\/v2\/pages\/26"}],"collection":[{"href":"https:\/\/feboindustria.com.ar\/index.php\/wp-json\/wp\/v2\/pages"}],"about":[{"href":"https:\/\/feboindustria.com.ar\/index.php\/wp-json\/wp\/v2\/types\/page"}],"author":[{"embeddable":true,"href":"https:\/\/feboindustria.com.ar\/index.php\/wp-json\/wp\/v2\/users\/1"}],"replies":[{"embeddable":true,"href":"https:\/\/feboindustria.com.ar\/index.php\/wp-json\/wp\/v2\/comments?post=26"}],"version-history":[{"count":13,"href":"https:\/\/feboindustria.com.ar\/index.php\/wp-json\/wp\/v2\/pages\/26\/revisions"}],"predecessor-version":[{"id":377,"href":"https:\/\/feboindustria.com.ar\/index.php\/wp-json\/wp\/v2\/pages\/26\/revisions\/377"}],"wp:attachment":[{"href":"https:\/\/feboindustria.com.ar\/index.php\/wp-json\/wp\/v2\/media?parent=26"}],"curies":[{"name":"wp","href":"https:\/\/api.w.org\/{rel}","templated":true}]}}