{"id":24,"date":"2023-04-24T14:07:17","date_gmt":"2023-04-24T14:07:17","guid":{"rendered":"https:\/\/feboindustria.com.ar\/?page_id=24"},"modified":"2024-01-04T15:18:42","modified_gmt":"2024-01-04T15:18:42","slug":"tanques-atmosfericos","status":"publish","type":"page","link":"https:\/\/feboindustria.com.ar\/index.php\/tanques-atmosfericos\/","title":{"rendered":"TANQUES ATMOSF\u00c9RICOS"},"content":{"rendered":"\t\t<div data-elementor-type=\"wp-page\" data-elementor-id=\"24\" class=\"elementor elementor-24\">\n\t\t\t\t\t\t<section class=\"elementor-section elementor-top-section elementor-element elementor-element-94df5a4 elementor-section-boxed elementor-section-height-default elementor-section-height-default\" data-id=\"94df5a4\" data-element_type=\"section\">\n\t\t\t\t\t\t<div class=\"elementor-container elementor-column-gap-default\">\n\t\t\t\t\t<div class=\"elementor-column elementor-col-100 elementor-top-column elementor-element elementor-element-76724fd\" data-id=\"76724fd\" data-element_type=\"column\">\n\t\t\t<div class=\"elementor-widget-wrap elementor-element-populated\">\n\t\t\t\t\t\t<div class=\"elementor-element elementor-element-9e4a074 elementor-widget elementor-widget-heading\" data-id=\"9e4a074\" data-element_type=\"widget\" data-widget_type=\"heading.default\">\n\t\t\t\t<div class=\"elementor-widget-container\">\n\t\t\t<style>\/*! elementor - v3.21.0 - 08-05-2024 *\/\n.elementor-heading-title{padding:0;margin:0;line-height:1}.elementor-widget-heading .elementor-heading-title[class*=elementor-size-]>a{color:inherit;font-size:inherit;line-height:inherit}.elementor-widget-heading .elementor-heading-title.elementor-size-small{font-size:15px}.elementor-widget-heading .elementor-heading-title.elementor-size-medium{font-size:19px}.elementor-widget-heading .elementor-heading-title.elementor-size-large{font-size:29px}.elementor-widget-heading .elementor-heading-title.elementor-size-xl{font-size:39px}.elementor-widget-heading .elementor-heading-title.elementor-size-xxl{font-size:59px}<\/style><h2 class=\"elementor-heading-title elementor-size-default\">TANQUES ATMOSF\u00c9RICOS<\/h2>\t\t<\/div>\n\t\t\t\t<\/div>\n\t\t\t\t\t<\/div>\n\t\t<\/div>\n\t\t\t\t\t<\/div>\n\t\t<\/section>\n\t\t\t\t<section class=\"elementor-section elementor-top-section elementor-element elementor-element-ead7045 elementor-section-boxed elementor-section-height-default elementor-section-height-default\" data-id=\"ead7045\" data-element_type=\"section\">\n\t\t\t\t\t\t<div class=\"elementor-container elementor-column-gap-default\">\n\t\t\t\t\t<div class=\"elementor-column elementor-col-100 elementor-top-column elementor-element elementor-element-c96e692\" data-id=\"c96e692\" data-element_type=\"column\">\n\t\t\t<div class=\"elementor-widget-wrap elementor-element-populated\">\n\t\t\t\t\t\t<div class=\"elementor-element elementor-element-b55c14d elementor-widget elementor-widget-text-editor\" data-id=\"b55c14d\" data-element_type=\"widget\" data-widget_type=\"text-editor.default\">\n\t\t\t\t<div class=\"elementor-widget-container\">\n\t\t\t<style>\/*! elementor - v3.21.0 - 08-05-2024 *\/\n.elementor-widget-text-editor.elementor-drop-cap-view-stacked .elementor-drop-cap{background-color:#69727d;color:#fff}.elementor-widget-text-editor.elementor-drop-cap-view-framed .elementor-drop-cap{color:#69727d;border:3px solid;background-color:transparent}.elementor-widget-text-editor:not(.elementor-drop-cap-view-default) .elementor-drop-cap{margin-top:8px}.elementor-widget-text-editor:not(.elementor-drop-cap-view-default) .elementor-drop-cap-letter{width:1em;height:1em}.elementor-widget-text-editor .elementor-drop-cap{float:left;text-align:center;line-height:1;font-size:50px}.elementor-widget-text-editor .elementor-drop-cap-letter{display:inline-block}<\/style>\t\t\t\t<p><strong>CARACTER\u00cdSTICAS Y DETALLES T\u00c9CNICOS<\/strong>\u00a0<\/p><ul><li>Formato cil\u00edndrico de secci\u00f3n circular, con una curvatura de igual radio en todo su per\u00edmetro, con tapas bomb\u00e9 simple conificadas y pesta\u00f1adas.<\/li><li>Construido \u00edntegramente en chapa de acero al carbono\u00a0(6,35 mm.) de espesor.<\/li><li>Soldado el\u00e9ctricamente a doble costura, (interior y exterior) a penetraci\u00f3n completa, seg\u00fan normas DIN 4100, con las costuras exteriores vistas.<\/li><li>Boca pasa hombre de inspecci\u00f3n de 500 mm. de di\u00e1metro, refuerzos internos tipo \u00be\u00a0de tapa,\u00a0<\/li><li>Pasa manos superiores construidos en ca\u00f1o de \u00be, pasillos laterales construidos en chapa antideslizante con barandillas tipo porta equipaje y estriberas.<\/li><li>Entrada de carga de 2\u00bd\u00a0con su correspondiente llave de paso esf\u00e9rica de bronce con esfera cromada y asiento de tefl\u00f3n, y salida de descarga de 200 mm. de di\u00e1metro.<\/li><li>Palomas o falso chasis enterizos en forma de V soldados en todo el largo del tanque, con grampas abulonadas para fijarlo a los largueros del chasis cami\u00f3n.<\/li><li>Guardabarros convencionales construidos en chapa N\u00ba 16 laminada en fr\u00edo abulonados y desmontables, con pantallas guardafango de caucho y tela, instalados en las dos ruedas traseras del cami\u00f3n, nivel visor de carga en la tapa trasera del tanque.<\/li><\/ul><p>\u00a0<\/p>\t\t\t\t\t\t<\/div>\n\t\t\t\t<\/div>\n\t\t\t\t\t<\/div>\n\t\t<\/div>\n\t\t\t\t\t<\/div>\n\t\t<\/section>\n\t\t\t\t<section class=\"elementor-section elementor-top-section elementor-element elementor-element-5fd9318 elementor-section-boxed elementor-section-height-default elementor-section-height-default\" data-id=\"5fd9318\" data-element_type=\"section\">\n\t\t\t\t\t\t<div class=\"elementor-container elementor-column-gap-default\">\n\t\t\t\t\t<div class=\"elementor-column elementor-col-100 elementor-top-column elementor-element elementor-element-98954d3\" data-id=\"98954d3\" data-element_type=\"column\">\n\t\t\t<div class=\"elementor-widget-wrap elementor-element-populated\">\n\t\t\t\t\t\t<div class=\"elementor-element elementor-element-f8b90dd elementor-widget elementor-widget-text-editor\" data-id=\"f8b90dd\" data-element_type=\"widget\" data-widget_type=\"text-editor.default\">\n\t\t\t\t<div class=\"elementor-widget-container\">\n\t\t\t\t\t\t\t<p><strong>SISTEMA DE SUCCI\u00d3N<\/strong><\/p><p>Compuesto por una bomba de alto vac\u00edo, accionada por medio de una toma de fuerza aplicada directamente a la caja de velocidades del cami\u00f3n, con transmisi\u00f3n por medio de una barra de mando con crucetas a rodillos universales; con un rendimiento de 1.200 lts.\/minuto, con un 99% de vac\u00edo, conexiones de ca\u00f1o galvanizado de 1\u00bd, con tanque trampa de agua con v\u00e1lvula de seguridad tipo flotante y filtro incorporado, vacu\u00f3metro para medir vac\u00edo, llave de tres v\u00edas de bronce de 1\u00bd\u00a0conectada en la l\u00ednea de aire y v\u00e1lvula de retenci\u00f3n a clapeta de bronce con asiento de acero inoxidable de 1\u00bd\u00a0para evitar el retroceso del aceite al tanque trampa de agua.<\/p><p><strong>PINTURA EXTERIOR<\/strong><\/p><p>Desengrasado y fosfatizado previo, tipo limpieza profunda, ir\u00e1 pintado con dos manos de fondo cromato\u00a0y terminado con dos manos de sint\u00e9tico\u00a0color a elecci\u00f3n e inscripciones correspondiente.-<\/p><p><em>* Todo lo antes mencionado se entregar\u00e1 probado y listo para su funcionamiento, montado sobre cami\u00f3n a proveer por el cliente, con instrucciones de manejo (en f\u00e1brica) al personal que Uds., designen.-<\/em><\/p>\t\t\t\t\t\t<\/div>\n\t\t\t\t<\/div>\n\t\t\t\t\t<\/div>\n\t\t<\/div>\n\t\t\t\t\t<\/div>\n\t\t<\/section>\n\t\t\t\t<\/div>\n\t\t","protected":false},"excerpt":{"rendered":"<p>TANQUES ATMOSF\u00c9RICOS CARACTER\u00cdSTICAS Y DETALLES T\u00c9CNICOS\u00a0 Formato cil\u00edndrico de secci\u00f3n circular, con una curvatura de igual radio en todo su per\u00edmetro, con tapas bomb\u00e9 simple conificadas y pesta\u00f1adas. Construido \u00edntegramente en chapa de acero al carbono\u00a0(6,35 mm.) de espesor. Soldado el\u00e9ctricamente a doble costura, (interior y exterior) a penetraci\u00f3n completa, seg\u00fan normas DIN 4100, con [&hellip;]<\/p>\n","protected":false},"author":1,"featured_media":0,"parent":0,"menu_order":0,"comment_status":"closed","ping_status":"closed","template":"","meta":{"_monsterinsights_skip_tracking":false,"_monsterinsights_sitenote_active":false,"_monsterinsights_sitenote_note":"","_monsterinsights_sitenote_category":0,"_uf_show_specific_survey":0,"_uf_disable_surveys":false},"aioseo_notices":[],"_links":{"self":[{"href":"https:\/\/feboindustria.com.ar\/index.php\/wp-json\/wp\/v2\/pages\/24"}],"collection":[{"href":"https:\/\/feboindustria.com.ar\/index.php\/wp-json\/wp\/v2\/pages"}],"about":[{"href":"https:\/\/feboindustria.com.ar\/index.php\/wp-json\/wp\/v2\/types\/page"}],"author":[{"embeddable":true,"href":"https:\/\/feboindustria.com.ar\/index.php\/wp-json\/wp\/v2\/users\/1"}],"replies":[{"embeddable":true,"href":"https:\/\/feboindustria.com.ar\/index.php\/wp-json\/wp\/v2\/comments?post=24"}],"version-history":[{"count":19,"href":"https:\/\/feboindustria.com.ar\/index.php\/wp-json\/wp\/v2\/pages\/24\/revisions"}],"predecessor-version":[{"id":345,"href":"https:\/\/feboindustria.com.ar\/index.php\/wp-json\/wp\/v2\/pages\/24\/revisions\/345"}],"wp:attachment":[{"href":"https:\/\/feboindustria.com.ar\/index.php\/wp-json\/wp\/v2\/media?parent=24"}],"curies":[{"name":"wp","href":"https:\/\/api.w.org\/{rel}","templated":true}]}}