{"id":22,"date":"2023-04-24T14:06:57","date_gmt":"2023-04-24T14:06:57","guid":{"rendered":"https:\/\/feboindustria.com.ar\/?page_id=22"},"modified":"2024-01-04T15:19:35","modified_gmt":"2024-01-04T15:19:35","slug":"tanques-para-regadores-sobre-chasis-de-camion-o-arrastre","status":"publish","type":"page","link":"https:\/\/feboindustria.com.ar\/index.php\/tanques-para-regadores-sobre-chasis-de-camion-o-arrastre\/","title":{"rendered":"TANQUES PARA REGADORES SOBRE CHASIS DE CAMI\u00d3N O ARRASTRE"},"content":{"rendered":"\t\t<div data-elementor-type=\"wp-page\" data-elementor-id=\"22\" class=\"elementor elementor-22\">\n\t\t\t\t\t\t<section class=\"elementor-section elementor-top-section elementor-element elementor-element-cc0ddca elementor-section-boxed elementor-section-height-default elementor-section-height-default\" data-id=\"cc0ddca\" data-element_type=\"section\">\n\t\t\t\t\t\t<div class=\"elementor-container elementor-column-gap-default\">\n\t\t\t\t\t<div class=\"elementor-column elementor-col-100 elementor-top-column elementor-element elementor-element-971f287\" data-id=\"971f287\" data-element_type=\"column\">\n\t\t\t<div class=\"elementor-widget-wrap elementor-element-populated\">\n\t\t\t\t\t\t<div class=\"elementor-element elementor-element-ee1a42a elementor-widget elementor-widget-heading\" data-id=\"ee1a42a\" data-element_type=\"widget\" data-widget_type=\"heading.default\">\n\t\t\t\t<div class=\"elementor-widget-container\">\n\t\t\t<style>\/*! elementor - v3.21.0 - 08-05-2024 *\/\n.elementor-heading-title{padding:0;margin:0;line-height:1}.elementor-widget-heading .elementor-heading-title[class*=elementor-size-]>a{color:inherit;font-size:inherit;line-height:inherit}.elementor-widget-heading .elementor-heading-title.elementor-size-small{font-size:15px}.elementor-widget-heading .elementor-heading-title.elementor-size-medium{font-size:19px}.elementor-widget-heading .elementor-heading-title.elementor-size-large{font-size:29px}.elementor-widget-heading .elementor-heading-title.elementor-size-xl{font-size:39px}.elementor-widget-heading .elementor-heading-title.elementor-size-xxl{font-size:59px}<\/style><h2 class=\"elementor-heading-title elementor-size-default\">TANQUES PARA REGADORES SOBRE CHASIS DE CAMI\u00d3N O ARRASTRE<\/h2>\t\t<\/div>\n\t\t\t\t<\/div>\n\t\t\t\t\t<\/div>\n\t\t<\/div>\n\t\t\t\t\t<\/div>\n\t\t<\/section>\n\t\t\t\t<section class=\"elementor-section elementor-top-section elementor-element elementor-element-6a2d75e elementor-section-boxed elementor-section-height-default elementor-section-height-default\" data-id=\"6a2d75e\" data-element_type=\"section\">\n\t\t\t\t\t\t<div class=\"elementor-container elementor-column-gap-default\">\n\t\t\t\t\t<div class=\"elementor-column elementor-col-100 elementor-top-column elementor-element elementor-element-34e54aa\" data-id=\"34e54aa\" data-element_type=\"column\">\n\t\t\t<div class=\"elementor-widget-wrap elementor-element-populated\">\n\t\t\t\t\t\t<div class=\"elementor-element elementor-element-d3e8454 elementor-widget elementor-widget-text-editor\" data-id=\"d3e8454\" data-element_type=\"widget\" data-widget_type=\"text-editor.default\">\n\t\t\t\t<div class=\"elementor-widget-container\">\n\t\t\t<style>\/*! elementor - v3.21.0 - 08-05-2024 *\/\n.elementor-widget-text-editor.elementor-drop-cap-view-stacked .elementor-drop-cap{background-color:#69727d;color:#fff}.elementor-widget-text-editor.elementor-drop-cap-view-framed .elementor-drop-cap{color:#69727d;border:3px solid;background-color:transparent}.elementor-widget-text-editor:not(.elementor-drop-cap-view-default) .elementor-drop-cap{margin-top:8px}.elementor-widget-text-editor:not(.elementor-drop-cap-view-default) .elementor-drop-cap-letter{width:1em;height:1em}.elementor-widget-text-editor .elementor-drop-cap{float:left;text-align:center;line-height:1;font-size:50px}.elementor-widget-text-editor .elementor-drop-cap-letter{display:inline-block}<\/style>\t\t\t\t<p><strong>CARACTERISTICAS Y DETALLES TECNICOS<\/strong><\/p><ul><li>Formato semi rectangular extra chato, con tapas planas con pesta\u00f1a.<\/li><li>Construido en chapa de acero al carbono.<\/li><li>Soldado el\u00e9ctricamente a doble costura (interior y exterior), seg\u00fan normas DIN 4100, con las costuras exteriores vistas.<\/li><li>Cuenta con dos rompeolas internos dispuestos en forma transversal y dos tabiques longitudinales, boca pasa hombre de inspecci\u00f3n y carga de 500 mm. de di\u00e1metro con tapa a bisagra y cerradura a mariposa de cierre herm\u00e9tico.<\/li><li>Palomas o falso chasis enterizos en forma de V soldados en todo el largo del tanque, con grampas abulonadas para fijarlo a los largueros del chasis cami\u00f3n.<\/li><li>Pasa manos construidos en ca\u00f1o de \u00be e instalados en ambos costados en la parte superior tipo barandilla porta equipaje.<\/li><li>Cupla de 2&#8221; con su correspondiente tap\u00f3n instalado en la parte trasera inferior el mismo servir\u00e1 para desagote por gravedad o por si se desea conectar una manguera para el riego de plantaciones etc.,<\/li><li>Guardabarros convencionales construidos en chapa N\u00ba 16 L.F., instalados en las dos ruedas traseras del chasis cami\u00f3n.<\/li><\/ul>\t\t\t\t\t\t<\/div>\n\t\t\t\t<\/div>\n\t\t\t\t\t<\/div>\n\t\t<\/div>\n\t\t\t\t\t<\/div>\n\t\t<\/section>\n\t\t\t\t<section class=\"elementor-section elementor-top-section elementor-element elementor-element-e8ae09d elementor-section-boxed elementor-section-height-default elementor-section-height-default\" data-id=\"e8ae09d\" data-element_type=\"section\">\n\t\t\t\t\t\t<div class=\"elementor-container elementor-column-gap-default\">\n\t\t\t\t\t<div class=\"elementor-column elementor-col-100 elementor-top-column elementor-element elementor-element-6df5646\" data-id=\"6df5646\" data-element_type=\"column\">\n\t\t\t<div class=\"elementor-widget-wrap elementor-element-populated\">\n\t\t\t\t\t\t<div class=\"elementor-element elementor-element-e5cd482 elementor-widget elementor-widget-text-editor\" data-id=\"e5cd482\" data-element_type=\"widget\" data-widget_type=\"text-editor.default\">\n\t\t\t\t<div class=\"elementor-widget-container\">\n\t\t\t\t\t\t\t<p><strong>SISTEMA DE RIEGO\u00a0(A presi\u00f3n)<\/strong><\/p><p>Compuesto por una bomba a turbina centr\u00edfuga de hierro fundido de c\u00e1rter cerrado, rotor de bronce fosforoso, eje de acero inoxidable sobre rulemanes en ba\u00f1o de grasa; para rendir un caudal de agua de 50.000 a 60.000 lts.\/hora, con una cobertura de riego de aproximadamente 12 a 15 mts., accionada por una Toma de Fuerza aplicada directamente a la caja de velocidades del cami\u00f3n, con barra de mando card\u00e1nica con crucetas a rodillos universales con alemites para su lubricaci\u00f3n y Caja Multiplicadora de Revoluciones a engranajes de acero (cromo &#8211; niquel) cementados y rectificados para una marcha mas suave y silenciosa, montados sobre un eje del mismo material sobre cojinetes a rodillos en ba\u00f1o de aceite.<br \/><br \/><strong>CA\u00d1ERIAS<\/strong><\/p><p>Construidas en ca\u00f1o galvanizado de 2\u00bd&#8221; y 3&#8221;, totalmente roscada y desarmable; una llave esf\u00e9rica de bronce con esfera cromada y asiento de tefl\u00f3n, de 2\u00bd&#8221; de di\u00e1metro para corte general de la l\u00ednea de agua; dos flores de riego con cuerpo y tapas de fundici\u00f3n con cilindros y pantallas de bronce, regulables y desarmables para su limpieza.-<br \/><br \/><strong>PALANCAS DE COMANDOS<\/strong><\/p><p>Dotado de cuatro palancas de comandos mec\u00e1nicos ubicadas en el interior de la cabina del cami\u00f3n y de f\u00e1cil manipuleo para el conductor, una accionar\u00e1 embrague de toma de fuerza, otra la llave de corte general de la l\u00ednea de agua, y las dos restantes, las flores de riego izquierda y derecha respectivamente.-<br \/><br \/><strong>PINTURA EXTERIOR<\/strong><\/p><p>Desengrasado y tratamiento de fosfatizado previo, tipo limpieza profunda, se le aplicar\u00e1n dos manos de fondo cromato de cinc, seg\u00fan normas IRAM 1182 y terminado con dos manos de esmalte sint\u00e9tico, seg\u00fan normas IRAM 1107, colores e inscripciones seg\u00fan nos indiquen.- Todo lo antes mencionado se entregar\u00e1 montado sobre cami\u00f3n a proveer por el cliente, probado y listo para funcionar, con instrucciones de manejo al personal designado.<br \/><br \/><strong>ADICIONALES QUE COLOCAMOS A PEDIDO DEL CLIENTE:<\/strong><\/p><ul><li><strong>PINTURA INTERIOR (EPOXI DEL TIPO ECOLOGICA)<\/strong><\/li><li><strong>COMANDOS NEUMATICOS<\/strong><\/li><li><strong>SISTEMA DE INCENDIO (COMPLETO DE 1.3\/4?)<\/strong><\/li><li><strong>SISTEMA DE SUCCION (COMPLETO DE 2.1\/2?)<\/strong><\/li><li><strong>CAJON PORTA HERRAMIENTAS<\/strong><\/li><li><strong>PORTA AUXILIO<\/strong><\/li><li><strong>LUCES<\/strong><\/li><\/ul>\t\t\t\t\t\t<\/div>\n\t\t\t\t<\/div>\n\t\t\t\t\t<\/div>\n\t\t<\/div>\n\t\t\t\t\t<\/div>\n\t\t<\/section>\n\t\t\t\t<\/div>\n\t\t","protected":false},"excerpt":{"rendered":"<p>TANQUES PARA REGADORES SOBRE CHASIS DE CAMI\u00d3N O ARRASTRE CARACTERISTICAS Y DETALLES TECNICOS Formato semi rectangular extra chato, con tapas planas con pesta\u00f1a. Construido en chapa de acero al carbono. Soldado el\u00e9ctricamente a doble costura (interior y exterior), seg\u00fan normas DIN 4100, con las costuras exteriores vistas. Cuenta con dos rompeolas internos dispuestos en forma [&hellip;]<\/p>\n","protected":false},"author":1,"featured_media":0,"parent":0,"menu_order":0,"comment_status":"closed","ping_status":"closed","template":"","meta":{"_monsterinsights_skip_tracking":false,"_monsterinsights_sitenote_active":false,"_monsterinsights_sitenote_note":"","_monsterinsights_sitenote_category":0,"_uf_show_specific_survey":0,"_uf_disable_surveys":false},"aioseo_notices":[],"_links":{"self":[{"href":"https:\/\/feboindustria.com.ar\/index.php\/wp-json\/wp\/v2\/pages\/22"}],"collection":[{"href":"https:\/\/feboindustria.com.ar\/index.php\/wp-json\/wp\/v2\/pages"}],"about":[{"href":"https:\/\/feboindustria.com.ar\/index.php\/wp-json\/wp\/v2\/types\/page"}],"author":[{"embeddable":true,"href":"https:\/\/feboindustria.com.ar\/index.php\/wp-json\/wp\/v2\/users\/1"}],"replies":[{"embeddable":true,"href":"https:\/\/feboindustria.com.ar\/index.php\/wp-json\/wp\/v2\/comments?post=22"}],"version-history":[{"count":28,"href":"https:\/\/feboindustria.com.ar\/index.php\/wp-json\/wp\/v2\/pages\/22\/revisions"}],"predecessor-version":[{"id":354,"href":"https:\/\/feboindustria.com.ar\/index.php\/wp-json\/wp\/v2\/pages\/22\/revisions\/354"}],"wp:attachment":[{"href":"https:\/\/feboindustria.com.ar\/index.php\/wp-json\/wp\/v2\/media?parent=22"}],"curies":[{"name":"wp","href":"https:\/\/api.w.org\/{rel}","templated":true}]}}