{"id":20,"date":"2023-04-24T14:06:21","date_gmt":"2023-04-24T14:06:21","guid":{"rendered":"https:\/\/feboindustria.com.ar\/?page_id=20"},"modified":"2024-01-04T15:19:47","modified_gmt":"2024-01-04T15:19:47","slug":"tanques-subterraneos-para-deposito-de-combustible","status":"publish","type":"page","link":"https:\/\/feboindustria.com.ar\/index.php\/tanques-subterraneos-para-deposito-de-combustible\/","title":{"rendered":"TANQUES SUBTERRANEOS PARA DEP\u00d3SITO DE COMBUSTIBLE"},"content":{"rendered":"\t\t<div data-elementor-type=\"wp-page\" data-elementor-id=\"20\" class=\"elementor elementor-20\">\n\t\t\t\t\t\t<section class=\"elementor-section elementor-top-section elementor-element elementor-element-4168e5c elementor-section-boxed elementor-section-height-default elementor-section-height-default\" data-id=\"4168e5c\" data-element_type=\"section\">\n\t\t\t\t\t\t<div class=\"elementor-container elementor-column-gap-default\">\n\t\t\t\t\t<div class=\"elementor-column elementor-col-100 elementor-top-column elementor-element elementor-element-a7f3c71\" data-id=\"a7f3c71\" data-element_type=\"column\">\n\t\t\t<div class=\"elementor-widget-wrap elementor-element-populated\">\n\t\t\t\t\t\t<div class=\"elementor-element elementor-element-58ecb11 elementor-widget elementor-widget-heading\" data-id=\"58ecb11\" data-element_type=\"widget\" data-widget_type=\"heading.default\">\n\t\t\t\t<div class=\"elementor-widget-container\">\n\t\t\t<style>\/*! elementor - v3.21.0 - 08-05-2024 *\/\n.elementor-heading-title{padding:0;margin:0;line-height:1}.elementor-widget-heading .elementor-heading-title[class*=elementor-size-]>a{color:inherit;font-size:inherit;line-height:inherit}.elementor-widget-heading .elementor-heading-title.elementor-size-small{font-size:15px}.elementor-widget-heading .elementor-heading-title.elementor-size-medium{font-size:19px}.elementor-widget-heading .elementor-heading-title.elementor-size-large{font-size:29px}.elementor-widget-heading .elementor-heading-title.elementor-size-xl{font-size:39px}.elementor-widget-heading .elementor-heading-title.elementor-size-xxl{font-size:59px}<\/style><h2 class=\"elementor-heading-title elementor-size-default\">TANQUES SUBTERRANEOS PARA DEP\u00d3SITO DE COMBUSTIBLE<\/h2>\t\t<\/div>\n\t\t\t\t<\/div>\n\t\t\t\t\t<\/div>\n\t\t<\/div>\n\t\t\t\t\t<\/div>\n\t\t<\/section>\n\t\t\t\t<section class=\"elementor-section elementor-top-section elementor-element elementor-element-f236176 elementor-section-boxed elementor-section-height-default elementor-section-height-default\" data-id=\"f236176\" data-element_type=\"section\">\n\t\t\t\t\t\t<div class=\"elementor-container elementor-column-gap-default\">\n\t\t\t\t\t<div class=\"elementor-column elementor-col-100 elementor-top-column elementor-element elementor-element-d6031b8\" data-id=\"d6031b8\" data-element_type=\"column\">\n\t\t\t<div class=\"elementor-widget-wrap elementor-element-populated\">\n\t\t\t\t\t\t<div class=\"elementor-element elementor-element-9dcedd5 elementor-widget elementor-widget-text-editor\" data-id=\"9dcedd5\" data-element_type=\"widget\" data-widget_type=\"text-editor.default\">\n\t\t\t\t<div class=\"elementor-widget-container\">\n\t\t\t<style>\/*! elementor - v3.21.0 - 08-05-2024 *\/\n.elementor-widget-text-editor.elementor-drop-cap-view-stacked .elementor-drop-cap{background-color:#69727d;color:#fff}.elementor-widget-text-editor.elementor-drop-cap-view-framed .elementor-drop-cap{color:#69727d;border:3px solid;background-color:transparent}.elementor-widget-text-editor:not(.elementor-drop-cap-view-default) .elementor-drop-cap{margin-top:8px}.elementor-widget-text-editor:not(.elementor-drop-cap-view-default) .elementor-drop-cap-letter{width:1em;height:1em}.elementor-widget-text-editor .elementor-drop-cap{float:left;text-align:center;line-height:1;font-size:50px}.elementor-widget-text-editor .elementor-drop-cap-letter{display:inline-block}<\/style>\t\t\t\t<p><strong>CARACTER\u00cdSTICAS Y DETALLES T\u00c9CNICOS<\/strong><\/p><ul><li>Formato cil\u00edndrico.<\/li><li>Constru\u00eddo en chapa de acero al carbono calidad comercial<\/li><li>Soldadura interior y exterior con electrodos revestidos de alta penetraci\u00f3n para asegurar estanqueidad total en las juntas soldadas.\u00a0<\/li><li>Pintura asf\u00e1ltica.\u00a0<\/li><li>Cuplas de carga, descarga, y venteo de gases.<\/li><li>\u00a0<\/li><\/ul><p><strong>TIPOS DE TANQUES SUBTERRANEOS<\/strong><\/p><ul><li>Tanques de almacenamiento de combustible para el transporte (di\u00e9sel, gasolina, naftas, aceite o lubricantes para autom\u00f3viles\/camiones)<\/li><li>Tanques para aceites o mixtos.<\/li><li>Tanques para productos qu\u00edmicos.<\/li><li>Tanques para la contenci\u00f3n de l\u00edquidos en general.<\/li><li>Tanques para la contenci\u00f3n de aguas residuales.<\/li><li>Tanque subterr\u00e1neo para el Almacenamiento de agua potable.<\/li><\/ul>\t\t\t\t\t\t<\/div>\n\t\t\t\t<\/div>\n\t\t\t\t\t<\/div>\n\t\t<\/div>\n\t\t\t\t\t<\/div>\n\t\t<\/section>\n\t\t\t\t<\/div>\n\t\t","protected":false},"excerpt":{"rendered":"<p>TANQUES SUBTERRANEOS PARA DEP\u00d3SITO DE COMBUSTIBLE CARACTER\u00cdSTICAS Y DETALLES T\u00c9CNICOS Formato cil\u00edndrico. Constru\u00eddo en chapa de acero al carbono calidad comercial Soldadura interior y exterior con electrodos revestidos de alta penetraci\u00f3n para asegurar estanqueidad total en las juntas soldadas.\u00a0 Pintura asf\u00e1ltica.\u00a0 Cuplas de carga, descarga, y venteo de gases. \u00a0 TIPOS DE TANQUES SUBTERRANEOS Tanques [&hellip;]<\/p>\n","protected":false},"author":1,"featured_media":0,"parent":0,"menu_order":0,"comment_status":"closed","ping_status":"closed","template":"","meta":{"_monsterinsights_skip_tracking":false,"_monsterinsights_sitenote_active":false,"_monsterinsights_sitenote_note":"","_monsterinsights_sitenote_category":0,"_uf_show_specific_survey":0,"_uf_disable_surveys":false},"aioseo_notices":[],"_links":{"self":[{"href":"https:\/\/feboindustria.com.ar\/index.php\/wp-json\/wp\/v2\/pages\/20"}],"collection":[{"href":"https:\/\/feboindustria.com.ar\/index.php\/wp-json\/wp\/v2\/pages"}],"about":[{"href":"https:\/\/feboindustria.com.ar\/index.php\/wp-json\/wp\/v2\/types\/page"}],"author":[{"embeddable":true,"href":"https:\/\/feboindustria.com.ar\/index.php\/wp-json\/wp\/v2\/users\/1"}],"replies":[{"embeddable":true,"href":"https:\/\/feboindustria.com.ar\/index.php\/wp-json\/wp\/v2\/comments?post=20"}],"version-history":[{"count":25,"href":"https:\/\/feboindustria.com.ar\/index.php\/wp-json\/wp\/v2\/pages\/20\/revisions"}],"predecessor-version":[{"id":357,"href":"https:\/\/feboindustria.com.ar\/index.php\/wp-json\/wp\/v2\/pages\/20\/revisions\/357"}],"wp:attachment":[{"href":"https:\/\/feboindustria.com.ar\/index.php\/wp-json\/wp\/v2\/media?parent=20"}],"curies":[{"name":"wp","href":"https:\/\/api.w.org\/{rel}","templated":true}]}}