{"id":18,"date":"2023-04-24T14:05:54","date_gmt":"2023-04-24T14:05:54","guid":{"rendered":"https:\/\/feboindustria.com.ar\/?page_id=18"},"modified":"2024-01-04T15:19:15","modified_gmt":"2024-01-04T15:19:15","slug":"tanques-cisternas-sobre-semiremolque","status":"publish","type":"page","link":"https:\/\/feboindustria.com.ar\/index.php\/tanques-cisternas-sobre-semiremolque\/","title":{"rendered":"TANQUES CISTERNAS SOBRE SEMIREMOLQUE"},"content":{"rendered":"\t\t<div data-elementor-type=\"wp-page\" data-elementor-id=\"18\" class=\"elementor elementor-18\">\n\t\t\t\t\t\t<section class=\"elementor-section elementor-top-section elementor-element elementor-element-36d0cc0 elementor-section-boxed elementor-section-height-default elementor-section-height-default\" data-id=\"36d0cc0\" data-element_type=\"section\">\n\t\t\t\t\t\t<div class=\"elementor-container elementor-column-gap-default\">\n\t\t\t\t\t<div class=\"elementor-column elementor-col-100 elementor-top-column elementor-element elementor-element-0394da9\" data-id=\"0394da9\" data-element_type=\"column\">\n\t\t\t<div class=\"elementor-widget-wrap elementor-element-populated\">\n\t\t\t\t\t\t<div class=\"elementor-element elementor-element-21e7d19 elementor-widget elementor-widget-heading\" data-id=\"21e7d19\" data-element_type=\"widget\" data-widget_type=\"heading.default\">\n\t\t\t\t<div class=\"elementor-widget-container\">\n\t\t\t<style>\/*! elementor - v3.21.0 - 08-05-2024 *\/\n.elementor-heading-title{padding:0;margin:0;line-height:1}.elementor-widget-heading .elementor-heading-title[class*=elementor-size-]>a{color:inherit;font-size:inherit;line-height:inherit}.elementor-widget-heading .elementor-heading-title.elementor-size-small{font-size:15px}.elementor-widget-heading .elementor-heading-title.elementor-size-medium{font-size:19px}.elementor-widget-heading .elementor-heading-title.elementor-size-large{font-size:29px}.elementor-widget-heading .elementor-heading-title.elementor-size-xl{font-size:39px}.elementor-widget-heading .elementor-heading-title.elementor-size-xxl{font-size:59px}<\/style><h2 class=\"elementor-heading-title elementor-size-default\">TANQUES CISTERNAS SOBRE SEMIREMOLQUE<\/h2>\t\t<\/div>\n\t\t\t\t<\/div>\n\t\t\t\t\t<\/div>\n\t\t<\/div>\n\t\t\t\t\t<\/div>\n\t\t<\/section>\n\t\t\t\t<section class=\"elementor-section elementor-top-section elementor-element elementor-element-14bfb64 elementor-section-boxed elementor-section-height-default elementor-section-height-default\" data-id=\"14bfb64\" data-element_type=\"section\">\n\t\t\t\t\t\t<div class=\"elementor-container elementor-column-gap-default\">\n\t\t\t\t\t<div class=\"elementor-column elementor-col-100 elementor-top-column elementor-element elementor-element-3db9743\" data-id=\"3db9743\" data-element_type=\"column\">\n\t\t\t<div class=\"elementor-widget-wrap elementor-element-populated\">\n\t\t\t\t\t\t<div class=\"elementor-element elementor-element-73fecf6 elementor-widget elementor-widget-text-editor\" data-id=\"73fecf6\" data-element_type=\"widget\" data-widget_type=\"text-editor.default\">\n\t\t\t\t<div class=\"elementor-widget-container\">\n\t\t\t<style>\/*! elementor - v3.21.0 - 08-05-2024 *\/\n.elementor-widget-text-editor.elementor-drop-cap-view-stacked .elementor-drop-cap{background-color:#69727d;color:#fff}.elementor-widget-text-editor.elementor-drop-cap-view-framed .elementor-drop-cap{color:#69727d;border:3px solid;background-color:transparent}.elementor-widget-text-editor:not(.elementor-drop-cap-view-default) .elementor-drop-cap{margin-top:8px}.elementor-widget-text-editor:not(.elementor-drop-cap-view-default) .elementor-drop-cap-letter{width:1em;height:1em}.elementor-widget-text-editor .elementor-drop-cap{float:left;text-align:center;line-height:1;font-size:50px}.elementor-widget-text-editor .elementor-drop-cap-letter{display:inline-block}<\/style>\t\t\t\t<p><strong>CARACTER\u00cdSTICAS Y DETALLES T\u00c9CNICOS<\/strong><\/p><ul><li>Tanque constru\u00eddo en chapa de acero al carbono de calidad comercial.\u00a0<\/li><li>Formato cil\u00edndrico con tapas en bomb\u00e9.<\/li><li>Soldadura de alta frecuencia tanto interna como externa. Revestida con electrodos de alta penetraci\u00f3n<\/li><li>para asegurar la estanqueidad en las juntas soldadas y prevenir perdidas.<\/li><li>Cuenta con 4 rompe olas reforzados con hierros &#8220;u&#8221;.\u00a0<\/li><li>Palomas soldadas a lo largo de todo el tanque en forma de &#8220;V&#8221;en un espesor de 3\/16.\u00a0<\/li><li>Costillas o teleras en chapa plegada de 4mm. batea antiderrame en su parte superior con drenaje en sus dos costados.\u00a0<\/li><li>Baranda rebatible en ca\u00f1o de uso mec\u00e1nico de 3\/4 y pasarela superior para circulaci\u00f3n del operante en chapa anti deslizante o semilla de mel\u00f3n en 1\/8.\u00a0<\/li><li>Cuplas de descarga en 3&#8243; y boca de inspecci\u00f3n o pasa hombre de 600 mm. e<\/li><li>Este equipo esta dividido en dos cisternas mediante una tapa al medio del cilindro.<\/li><li>Luces reglamentarias 3 mar\u00edas y de posici\u00f3n.\u00a0<\/li><li>V\u00e1lvulas para venteo en 1&#8243; colocada en sus bocas pasa hombre o de inspecci\u00f3n.<\/li><li>Doble mano de convertidor de oxido y doble mano de pintura sint\u00e9tica blanca.<\/li><\/ul>\t\t\t\t\t\t<\/div>\n\t\t\t\t<\/div>\n\t\t\t\t\t<\/div>\n\t\t<\/div>\n\t\t\t\t\t<\/div>\n\t\t<\/section>\n\t\t\t\t<\/div>\n\t\t","protected":false},"excerpt":{"rendered":"<p>TANQUES CISTERNAS SOBRE SEMIREMOLQUE CARACTER\u00cdSTICAS Y DETALLES T\u00c9CNICOS Tanque constru\u00eddo en chapa de acero al carbono de calidad comercial.\u00a0 Formato cil\u00edndrico con tapas en bomb\u00e9. Soldadura de alta frecuencia tanto interna como externa. Revestida con electrodos de alta penetraci\u00f3n para asegurar la estanqueidad en las juntas soldadas y prevenir perdidas. Cuenta con 4 rompe olas [&hellip;]<\/p>\n","protected":false},"author":1,"featured_media":0,"parent":0,"menu_order":0,"comment_status":"closed","ping_status":"closed","template":"","meta":{"_monsterinsights_skip_tracking":false,"_monsterinsights_sitenote_active":false,"_monsterinsights_sitenote_note":"","_monsterinsights_sitenote_category":0,"_uf_show_specific_survey":0,"_uf_disable_surveys":false},"aioseo_notices":[],"_links":{"self":[{"href":"https:\/\/feboindustria.com.ar\/index.php\/wp-json\/wp\/v2\/pages\/18"}],"collection":[{"href":"https:\/\/feboindustria.com.ar\/index.php\/wp-json\/wp\/v2\/pages"}],"about":[{"href":"https:\/\/feboindustria.com.ar\/index.php\/wp-json\/wp\/v2\/types\/page"}],"author":[{"embeddable":true,"href":"https:\/\/feboindustria.com.ar\/index.php\/wp-json\/wp\/v2\/users\/1"}],"replies":[{"embeddable":true,"href":"https:\/\/feboindustria.com.ar\/index.php\/wp-json\/wp\/v2\/comments?post=18"}],"version-history":[{"count":22,"href":"https:\/\/feboindustria.com.ar\/index.php\/wp-json\/wp\/v2\/pages\/18\/revisions"}],"predecessor-version":[{"id":351,"href":"https:\/\/feboindustria.com.ar\/index.php\/wp-json\/wp\/v2\/pages\/18\/revisions\/351"}],"wp:attachment":[{"href":"https:\/\/feboindustria.com.ar\/index.php\/wp-json\/wp\/v2\/media?parent=18"}],"curies":[{"name":"wp","href":"https:\/\/api.w.org\/{rel}","templated":true}]}}