{"id":16,"date":"2023-04-24T14:05:32","date_gmt":"2023-04-24T14:05:32","guid":{"rendered":"https:\/\/feboindustria.com.ar\/?page_id=16"},"modified":"2024-01-04T15:18:23","modified_gmt":"2024-01-04T15:18:23","slug":"tanques-aereos-para-combustibles","status":"publish","type":"page","link":"https:\/\/feboindustria.com.ar\/index.php\/tanques-aereos-para-combustibles\/","title":{"rendered":"TANQUES A\u00c9REOS PARA COMBUSTIBLES"},"content":{"rendered":"\t\t<div data-elementor-type=\"wp-page\" data-elementor-id=\"16\" class=\"elementor elementor-16\">\n\t\t\t\t\t\t<section class=\"elementor-section elementor-top-section elementor-element elementor-element-8b6fdda elementor-section-boxed elementor-section-height-default elementor-section-height-default\" data-id=\"8b6fdda\" data-element_type=\"section\">\n\t\t\t\t\t\t<div class=\"elementor-container elementor-column-gap-default\">\n\t\t\t\t\t<div class=\"elementor-column elementor-col-100 elementor-top-column elementor-element elementor-element-bedc3e0\" data-id=\"bedc3e0\" data-element_type=\"column\">\n\t\t\t<div class=\"elementor-widget-wrap elementor-element-populated\">\n\t\t\t\t\t\t<div class=\"elementor-element elementor-element-5279382 elementor-widget elementor-widget-heading\" data-id=\"5279382\" data-element_type=\"widget\" data-widget_type=\"heading.default\">\n\t\t\t\t<div class=\"elementor-widget-container\">\n\t\t\t<style>\/*! elementor - v3.21.0 - 08-05-2024 *\/\n.elementor-heading-title{padding:0;margin:0;line-height:1}.elementor-widget-heading .elementor-heading-title[class*=elementor-size-]>a{color:inherit;font-size:inherit;line-height:inherit}.elementor-widget-heading .elementor-heading-title.elementor-size-small{font-size:15px}.elementor-widget-heading .elementor-heading-title.elementor-size-medium{font-size:19px}.elementor-widget-heading .elementor-heading-title.elementor-size-large{font-size:29px}.elementor-widget-heading .elementor-heading-title.elementor-size-xl{font-size:39px}.elementor-widget-heading .elementor-heading-title.elementor-size-xxl{font-size:59px}<\/style><h2 class=\"elementor-heading-title elementor-size-default\">TANQUES A\u00c9REOS PARA COMBUSTIBLES<\/h2>\t\t<\/div>\n\t\t\t\t<\/div>\n\t\t\t\t\t<\/div>\n\t\t<\/div>\n\t\t\t\t\t<\/div>\n\t\t<\/section>\n\t\t\t\t<section class=\"elementor-section elementor-top-section elementor-element elementor-element-f23e08b elementor-section-boxed elementor-section-height-default elementor-section-height-default\" data-id=\"f23e08b\" data-element_type=\"section\">\n\t\t\t\t\t\t<div class=\"elementor-container elementor-column-gap-default\">\n\t\t\t\t\t<div class=\"elementor-column elementor-col-100 elementor-top-column elementor-element elementor-element-a2672a8\" data-id=\"a2672a8\" data-element_type=\"column\">\n\t\t\t<div class=\"elementor-widget-wrap elementor-element-populated\">\n\t\t\t\t\t\t<div class=\"elementor-element elementor-element-3632671 elementor-widget elementor-widget-text-editor\" data-id=\"3632671\" data-element_type=\"widget\" data-widget_type=\"text-editor.default\">\n\t\t\t\t<div class=\"elementor-widget-container\">\n\t\t\t<style>\/*! elementor - v3.21.0 - 08-05-2024 *\/\n.elementor-widget-text-editor.elementor-drop-cap-view-stacked .elementor-drop-cap{background-color:#69727d;color:#fff}.elementor-widget-text-editor.elementor-drop-cap-view-framed .elementor-drop-cap{color:#69727d;border:3px solid;background-color:transparent}.elementor-widget-text-editor:not(.elementor-drop-cap-view-default) .elementor-drop-cap{margin-top:8px}.elementor-widget-text-editor:not(.elementor-drop-cap-view-default) .elementor-drop-cap-letter{width:1em;height:1em}.elementor-widget-text-editor .elementor-drop-cap{float:left;text-align:center;line-height:1;font-size:50px}.elementor-widget-text-editor .elementor-drop-cap-letter{display:inline-block}<\/style>\t\t\t\t<p><strong>CARACTER\u00cdSTICAS Y DETALLES T\u00c9CNICOS<\/strong><\/p><ul><li>Fabricados en chapa de acero al carbono.<\/li><li>Formato cil\u00edndrico o semi-el\u00edptico con tapas en bomb\u00e9.<\/li><li>Soldadura de alta frecuencia tanto interna como externa. Revestida con electrodos de alta penetraci\u00f3n para asegurar la estanqueidad en las juntas soldadas y prevenir perdidas.\u00a0<\/li><li>Cabezales, divisorios y bateolas toriesfericas con refuerzos.\u00a0<\/li><li>Boca pasa hombre o de inspecci\u00f3n.\u00a0<\/li><li>Manguera de carga y descarga.<\/li><li>Sistemas de escape o venteo de gases.<\/li><li>Plataforma de carga y\u00a0escaleras.\u00a0<\/li><li>Equipos especiales\u00a0de despacho\u00a0del tipo estaci\u00f3n de abastecimiento m\u00f3vil con surtidor, display, manguera y pico de corte autom\u00e1tico.<\/li><\/ul><p>\u00a0<\/p><p><strong>BATEA ANTIDERRAME OPCIONAL PARA CONTENER<\/strong><\/p>\t\t\t\t\t\t<\/div>\n\t\t\t\t<\/div>\n\t\t\t\t\t<\/div>\n\t\t<\/div>\n\t\t\t\t\t<\/div>\n\t\t<\/section>\n\t\t\t\t<\/div>\n\t\t","protected":false},"excerpt":{"rendered":"<p>TANQUES A\u00c9REOS PARA COMBUSTIBLES CARACTER\u00cdSTICAS Y DETALLES T\u00c9CNICOS Fabricados en chapa de acero al carbono. Formato cil\u00edndrico o semi-el\u00edptico con tapas en bomb\u00e9. Soldadura de alta frecuencia tanto interna como externa. Revestida con electrodos de alta penetraci\u00f3n para asegurar la estanqueidad en las juntas soldadas y prevenir perdidas.\u00a0 Cabezales, divisorios y bateolas toriesfericas con refuerzos.\u00a0 [&hellip;]<\/p>\n","protected":false},"author":1,"featured_media":0,"parent":0,"menu_order":0,"comment_status":"closed","ping_status":"closed","template":"","meta":{"_monsterinsights_skip_tracking":false,"_monsterinsights_sitenote_active":false,"_monsterinsights_sitenote_note":"","_monsterinsights_sitenote_category":0,"_uf_show_specific_survey":0,"_uf_disable_surveys":false},"aioseo_notices":[],"_links":{"self":[{"href":"https:\/\/feboindustria.com.ar\/index.php\/wp-json\/wp\/v2\/pages\/16"}],"collection":[{"href":"https:\/\/feboindustria.com.ar\/index.php\/wp-json\/wp\/v2\/pages"}],"about":[{"href":"https:\/\/feboindustria.com.ar\/index.php\/wp-json\/wp\/v2\/types\/page"}],"author":[{"embeddable":true,"href":"https:\/\/feboindustria.com.ar\/index.php\/wp-json\/wp\/v2\/users\/1"}],"replies":[{"embeddable":true,"href":"https:\/\/feboindustria.com.ar\/index.php\/wp-json\/wp\/v2\/comments?post=16"}],"version-history":[{"count":14,"href":"https:\/\/feboindustria.com.ar\/index.php\/wp-json\/wp\/v2\/pages\/16\/revisions"}],"predecessor-version":[{"id":342,"href":"https:\/\/feboindustria.com.ar\/index.php\/wp-json\/wp\/v2\/pages\/16\/revisions\/342"}],"wp:attachment":[{"href":"https:\/\/feboindustria.com.ar\/index.php\/wp-json\/wp\/v2\/media?parent=16"}],"curies":[{"name":"wp","href":"https:\/\/api.w.org\/{rel}","templated":true}]}}